{"id":4503,"date":"2014-12-19T11:38:41","date_gmt":"2014-12-19T11:38:41","guid":{"rendered":"http:\/\/www.undsgn.com\/uncode\/?page_id=4503"},"modified":"2020-07-22T01:08:22","modified_gmt":"2020-07-22T01:08:22","slug":"home","status":"publish","type":"page","link":"http:\/\/elsusurroecoliving.com\/es\/home\/","title":{"rendered":"Home"},"content":{"rendered":"<div class=\"sb-bg-slider-params sb-slider-data-source-row sb-slider-bg-type-cover\" data-source=\"row\" data-slider_attachments=\"http:\/\/elsusurroecoliving.com\/wp-content\/uploads\/2020\/07\/20170405_132631_m2.png|http:\/\/elsusurroecoliving.com\/wp-content\/uploads\/2020\/07\/IMG_2639.png|http:\/\/elsusurroecoliving.com\/wp-content\/uploads\/2020\/07\/P1130180_m2.jpg|http:\/\/elsusurroecoliving.com\/wp-content\/uploads\/2020\/07\/10_m2.jpg|http:\/\/elsusurroecoliving.com\/wp-content\/uploads\/2020\/07\/P1130194_m2.jpg\" data-animation_speed=\"750\" data-slide_duration=\"3000\" data-content_vertical_center=\"no\" data-centered_x=\"yes\" data-centered_y=\"yes\"  data-styles=\"\"><\/div><div data-parent=\"true\" class=\"vc_row row-container onepage-section boomapps_vcrow\" data-label=\"Welcome\" data-name=\"welcome\"><div class=\"row-background background-element\" style=\"opacity: 1;\">\n\t\t\t\t\t\t\t\t\t\t\t<div class=\"background-wrapper\">\n\t\t\t\t\t\t\t\t\t\t\t\t<div class=\"background-inner\"><\/div>\n\t\t\t\t\t\t\t\t\t\t\t\t<div class=\"block-bg-overlay style-color-155677-bg\" style=\"opacity: 0.8;\"><\/div>\n\t\t\t\t\t\t\t\t\t\t\t<\/div>\n\t\t\t\t\t\t\t\t\t\t<\/div><div class=\"row full-width row-parent\" data-height-ratio=\"78\"><div class=\"wpb_row row-inner\"><div class=\"wpb_column pos-middle pos-center align_left column_parent col-lg-12 boomapps_vccolumn single-internal-gutter\"><div class=\"uncol style-dark\"  ><div class=\"uncoltable\"><div class=\"uncell  boomapps_vccolumn no-block-padding\"><div class=\"uncont\"><div class=\"vc_row row-internal row-container boomapps_vcrow\"><div class=\"row col-double-gutter row-child\"><div class=\"wpb_row row-inner\"><div class=\"wpb_column pos-middle pos-center align_center align_center_tablet align_center_mobile column_child col-lg-12 boomapps_vccolumn col-md-100 single-internal-gutter\"><div class=\"uncol style-dark\" ><div class=\"uncoltable\"><div class=\"uncell  boomapps_vccolumn no-block-padding\"><div class=\"uncont\" style=\"max-width:75%;\"><div class=\"vc_custom_heading_wrap\"><div class=\"heading-text el-text bottom-t-top animate_when_almost_visible\" data-delay=\"1000\" data-speed=\"600\"><h1 class=\"font-377884 fontsize-195243 font-weight-400 text-color-xsdn-color\" ><span><strong>El susurro Ecoliving<\/strong> es un proyecto alojativo dise\u00f1ado por el arquitecto Xavier Diaz, la vivienda est\u00e1 pensada para sentir en su m\u00e1xima plenitud la experiencia de habitar un espacio&#8230; habitar como una forma de jugar.<\/span><\/h1><hr class=\"separator-break\" \/><\/div><div class=\"clear\"><\/div><\/div><\/div><\/div><\/div><\/div><\/div><\/div><\/div><\/div><div class=\"vc_row row-internal row-container boomapps_vcrow\"><div class=\"row col-double-gutter row-child\"><div class=\"wpb_row row-inner\"><div class=\"wpb_column pos-middle pos-center align_center align_center_tablet align_center_mobile column_child col-lg-12 boomapps_vccolumn col-md-100 single-internal-gutter\"><div class=\"uncol style-dark\" ><div class=\"uncoltable\"><div class=\"uncell  boomapps_vccolumn no-block-padding\"><div class=\"uncont\" style=\"max-width:60%;\"><div class=\"vc_custom_heading_wrap\"><div class=\"heading-text el-text bottom-t-top animate_when_almost_visible\" data-delay=\"2000\" data-speed=\"600\"><h5 class=\"h4 font-weight-400\" ><span>Su ubicaci\u00f3n es inmejorable, primera l\u00ednea de costa en el coraz\u00f3n de una finca ecol\u00f3gica de frutales y plataneras. Un ambiente inmejorable para poder disfrutar el canto de los p\u00e1jaros y sentir la paz y tranquilidad del espacio Natural Protegido Barranco de Ruiz.<\/span><\/h5><\/div><div class=\"clear\"><\/div><\/div><div class=\"empty-space empty-single\" ><span class=\"empty-space-inner\"><\/span><\/div>\n<span class=\"btn-container btn-inline animate_when_almost_visible bottom-t-top\" data-delay=\"2000\"><a href=\"http:\/\/elsusurroecoliving.com\/es\/villas\/\" class=\"custom-link btn border-width-1 btn-default btn-round btn-outline btn-icon-left\" title=\"Rooms\">VER VILLAS<\/a><\/span><\/div><\/div><\/div><\/div><\/div><\/div><\/div><\/div><\/div><\/div><\/div><\/div><\/div><script id=\"script-134104\" data-row=\"script-134104\" type=\"text\/javascript\" class=\"vc_controls\">UNCODE.initRow(document.getElementById(\"script-134104\"));<\/script><\/div><\/div><\/div>","protected":false},"excerpt":{"rendered":"El susurro Ecoliving es un proyecto alojativo dise\u00f1ado por el arquitecto Xavier Diaz, la vivienda est\u00e1 pensada para sentir en [...]","protected":false},"author":1,"featured_media":0,"parent":0,"menu_order":0,"comment_status":"open","ping_status":"closed","template":"","meta":{"_exactmetrics_skip_tracking":false,"_exactmetrics_sitenote_active":false,"_exactmetrics_sitenote_note":"","_exactmetrics_sitenote_category":0},"_links":{"self":[{"href":"http:\/\/elsusurroecoliving.com\/es\/wp-json\/wp\/v2\/pages\/4503"}],"collection":[{"href":"http:\/\/elsusurroecoliving.com\/es\/wp-json\/wp\/v2\/pages"}],"about":[{"href":"http:\/\/elsusurroecoliving.com\/es\/wp-json\/wp\/v2\/types\/page"}],"author":[{"embeddable":true,"href":"http:\/\/elsusurroecoliving.com\/es\/wp-json\/wp\/v2\/users\/1"}],"replies":[{"embeddable":true,"href":"http:\/\/elsusurroecoliving.com\/es\/wp-json\/wp\/v2\/comments?post=4503"}],"version-history":[{"count":72,"href":"http:\/\/elsusurroecoliving.com\/es\/wp-json\/wp\/v2\/pages\/4503\/revisions"}],"predecessor-version":[{"id":55830,"href":"http:\/\/elsusurroecoliving.com\/es\/wp-json\/wp\/v2\/pages\/4503\/revisions\/55830"}],"wp:attachment":[{"href":"http:\/\/elsusurroecoliving.com\/es\/wp-json\/wp\/v2\/media?parent=4503"}],"curies":[{"name":"wp","href":"https:\/\/api.w.org\/{rel}","templated":true}]}}