{"id":55843,"date":"2020-07-22T01:22:16","date_gmt":"2020-07-22T01:22:16","guid":{"rendered":"http:\/\/elsusurroecoliving.com\/?page_id=55843"},"modified":"2020-07-23T12:45:08","modified_gmt":"2020-07-23T12:45:08","slug":"zonas-comunes","status":"publish","type":"page","link":"http:\/\/elsusurroecoliving.com\/es\/zonas-comunes\/","title":{"rendered":"Zonas Comunes"},"content":{"rendered":"<div data-parent=\"true\" class=\"vc_row row-container boomapps_vcrow\"><div class=\"row single-top-padding double-bottom-padding single-h-padding full-width row-parent\" data-height-ratio=\"50\"><div class=\"wpb_row row-inner\"><div class=\"wpb_column pos-bottom pos-center align_left column_parent col-lg-6 boomapps_vccolumn single-internal-gutter\"><div class=\"uncol style-light\"  ><div class=\"uncoltable\"><div class=\"uncell  boomapps_vccolumn no-block-padding\"><div class=\"uncont\"><div class=\"uncode-single-media  text-left\"><div class=\"single-wrapper\" style=\"max-width: 100%;\"><div class=\"tmb tmb-light  tmb-media-first tmb-media-last tmb-content-overlay tmb-no-bg tmb-lightbox\">\n\t\t\t\t\t\t<div class=\"t-inside\"><div class=\"t-entry-visual\"><div class=\"t-entry-visual-tc\"><div class=\"uncode-single-media-wrapper\"><div class=\"dummy\" style=\"padding-top: 56.3%;\"><\/div><a tabindex=\"-1\" href=\"http:\/\/elsusurroecoliving.com\/wp-content\/uploads\/2020\/07\/IMG_2639.png\" class=\"pushed\" data-active=\"1\" data-lbox=\"ilightbox_single-55827\" data-options=\"width:1280,height:720,thumbnail: 'http:\/\/elsusurroecoliving.com\/wp-content\/uploads\/2020\/07\/IMG_2639-300x169.png'\">\n\t\t\t\t\t\t\t\t\t<img src=\"http:\/\/elsusurroecoliving.com\/wp-content\/uploads\/2020\/07\/IMG_2639.png\" width=\"1280\" height=\"720\" alt=\"\"><\/a><\/div>\n\t\t\t\t<\/div>\n\t\t\t<\/div><\/div>\n\t\t\t\t\t<\/div><\/div><\/div><div class=\"vc_row row-internal row-container boomapps_vcrow\"><div class=\"row row-child\"><div class=\"wpb_row row-inner\"><div class=\"wpb_column pos-top pos-center align_left column_child col-lg-12 boomapps_vccolumn single-internal-gutter\"><div class=\"uncol style-light shift_x_neg_double shift_y_neg_triple\" ><div class=\"uncoltable\"><div class=\"uncell  boomapps_vccolumn no-block-padding\"><div class=\"uncont\"><div class=\"uncode-single-media  text-left\"><div class=\"single-wrapper\" style=\"max-width: 100%;\"><div class=\"tmb tmb-light  tmb-media-first tmb-media-last tmb-content-overlay tmb-no-bg tmb-lightbox\">\n\t\t\t\t\t\t<div class=\"t-inside\"><div class=\"t-entry-visual\"><div class=\"t-entry-visual-tc\"><div class=\"uncode-single-media-wrapper\"><div class=\"dummy\" style=\"padding-top: 75%;\"><\/div><a tabindex=\"-1\" href=\"http:\/\/elsusurroecoliving.com\/wp-content\/uploads\/2020\/07\/P1130028_m.jpg\" class=\"pushed\" data-active=\"1\" data-lbox=\"ilightbox_single-55908\" data-options=\"width:1606,height:1205,thumbnail: 'http:\/\/elsusurroecoliving.com\/wp-content\/uploads\/2020\/07\/P1130028_m-300x225.jpg'\">\n\t\t\t\t\t\t\t\t\t<img src=\"http:\/\/elsusurroecoliving.com\/wp-content\/uploads\/2020\/07\/P1130028_m.jpg\" width=\"1606\" height=\"1205\" alt=\"\"><\/a><\/div>\n\t\t\t\t<\/div>\n\t\t\t<\/div><\/div>\n\t\t\t\t\t<\/div><\/div><\/div><\/div><\/div><\/div><\/div><\/div><\/div><\/div><\/div><div class=\"empty-space empty-single\" ><span class=\"empty-space-inner\"><\/span><\/div>\n<\/div><\/div><\/div><\/div><\/div><div class=\"wpb_column pos-top pos-center align_left column_parent col-lg-6 boomapps_vccolumn single-internal-gutter z_index_2\"><div class=\"uncol style-light shift_x_neg_double\"  ><div class=\"uncoltable\"><div class=\"uncell  boomapps_vccolumn no-block-padding\"><div class=\"uncont\"><div class=\"vc_custom_heading_wrap\"><div class=\"heading-text el-text heading-bigtext\" ><h1 class=\"bigtext font-weight-100 text-accent-color text-uppercase\" ><span>LOCALI<br \/><\/span><span>ZACI\u00d3N<\/span><\/h1><\/div><div class=\"clear\"><\/div><\/div><div class=\"vc_custom_heading_wrap\"><div class=\"heading-text el-text\" ><h1 class=\"h3 font-weight-300 text-color-155677-color\" ><span>La finca es un espacio abierto, en d\u00f3nde tendr\u00e1s una experiencia directa con la naturaleza y el cultivo ecol\u00f3gico de hortalizas y frutales en todas sus variantes. Espacios donde las fragancias del jard\u00edn tropical inundan el sentido del olfato.<\/span><\/h1><\/div><div class=\"clear\"><\/div><\/div><\/div><\/div><\/div><\/div><\/div><script id=\"script-231323\" data-row=\"script-231323\" type=\"text\/javascript\" class=\"vc_controls\">UNCODE.initRow(document.getElementById(\"script-231323\"));<\/script><\/div><\/div><\/div><div data-parent=\"true\" class=\"vc_row row-container boomapps_vcrow\"><div class=\"row single-top-padding double-bottom-padding single-h-padding full-width row-parent\" data-height-ratio=\"50\"><div class=\"wpb_row row-inner\"><div class=\"wpb_column pos-bottom pos-center align_left column_parent col-lg-6 boomapps_vccolumn single-internal-gutter\"><div class=\"uncol style-light\"  ><div class=\"uncoltable\"><div class=\"uncell  boomapps_vccolumn no-block-padding\"><div class=\"uncont\"><div class=\"uncode-single-media  text-left\"><div class=\"single-wrapper\" style=\"max-width: 100%;\"><div class=\"tmb tmb-light  tmb-media-first tmb-media-last tmb-content-overlay tmb-no-bg tmb-lightbox\">\n\t\t\t\t\t\t<div class=\"t-inside\"><div class=\"t-entry-visual\"><div class=\"t-entry-visual-tc\"><div class=\"uncode-single-media-wrapper\"><div class=\"dummy\" style=\"padding-top: 75%;\"><\/div><a tabindex=\"-1\" href=\"http:\/\/elsusurroecoliving.com\/wp-content\/uploads\/2020\/07\/P1130194_m2-1.jpg\" class=\"pushed\" data-active=\"1\" data-lbox=\"ilightbox_single-55911\" data-options=\"width:1306,height:979,thumbnail: 'http:\/\/elsusurroecoliving.com\/wp-content\/uploads\/2020\/07\/P1130194_m2-1-300x225.jpg'\">\n\t\t\t\t\t\t\t\t\t<img src=\"http:\/\/elsusurroecoliving.com\/wp-content\/uploads\/2020\/07\/P1130194_m2-1.jpg\" width=\"1306\" height=\"979\" alt=\"\"><\/a><\/div>\n\t\t\t\t<\/div>\n\t\t\t<\/div><\/div>\n\t\t\t\t\t<\/div><\/div><\/div><div class=\"vc_row row-internal row-container boomapps_vcrow\"><div class=\"row row-child\"><div class=\"wpb_row row-inner\"><div class=\"wpb_column pos-top pos-center align_left column_child col-lg-12 boomapps_vccolumn single-internal-gutter\"><div class=\"uncol style-light shift_x_neg_double shift_y_neg_triple\" ><div class=\"uncoltable\"><div class=\"uncell  boomapps_vccolumn no-block-padding\"><div class=\"uncont\"><div class=\"uncode-single-media  text-left\"><div class=\"single-wrapper\" style=\"max-width: 100%;\"><div class=\"tmb tmb-light  tmb-media-first tmb-media-last tmb-content-overlay tmb-no-bg tmb-lightbox\">\n\t\t\t\t\t\t<div class=\"t-inside\"><div class=\"t-entry-visual\"><div class=\"t-entry-visual-tc\"><div class=\"uncode-single-media-wrapper\"><div class=\"dummy\" style=\"padding-top: 75%;\"><\/div><a tabindex=\"-1\" href=\"http:\/\/elsusurroecoliving.com\/wp-content\/uploads\/2020\/07\/20170405_132631_m2.png\" class=\"pushed\" data-active=\"1\" data-lbox=\"ilightbox_single-55828\" data-options=\"width:2000,height:1500,thumbnail: 'http:\/\/elsusurroecoliving.com\/wp-content\/uploads\/2020\/07\/20170405_132631_m2-300x225.png'\">\n\t\t\t\t\t\t\t\t\t<img src=\"http:\/\/elsusurroecoliving.com\/wp-content\/uploads\/2020\/07\/20170405_132631_m2.png\" width=\"2000\" height=\"1500\" alt=\"\"><\/a><\/div>\n\t\t\t\t<\/div>\n\t\t\t<\/div><\/div>\n\t\t\t\t\t<\/div><\/div><\/div><\/div><\/div><\/div><\/div><\/div><\/div><\/div><\/div><div class=\"empty-space empty-single\" ><span class=\"empty-space-inner\"><\/span><\/div>\n<\/div><\/div><\/div><\/div><\/div><div class=\"wpb_column pos-top pos-center align_left column_parent col-lg-6 boomapps_vccolumn single-internal-gutter z_index_2\"><div class=\"uncol style-light shift_x_neg_double\"  ><div class=\"uncoltable\"><div class=\"uncell  boomapps_vccolumn no-block-padding\"><div class=\"uncont\"><div class=\"vc_custom_heading_wrap\"><div class=\"heading-text el-text heading-bigtext\" ><h1 class=\"bigtext font-weight-100 text-accent-color text-uppercase\" ><span>INFINITY<br \/><\/span><span>POOL<\/span><\/h1><\/div><div class=\"clear\"><\/div><\/div><div class=\"vc_custom_heading_wrap\"><div class=\"heading-text el-text\" ><h1 class=\"h3 font-weight-300 text-color-155677-color\" ><span>Especial atenci\u00f3n a la Infinity pool de dise\u00f1o contempor\u00e1neo en donde desconectar con unas vistas sobrecogedoras sobre el oc\u00e9ano atl\u00e1ntico.<\/span><\/h1><\/div><div class=\"clear\"><\/div><\/div><\/div><\/div><\/div><\/div><\/div><script id=\"script-139431\" data-row=\"script-139431\" type=\"text\/javascript\" class=\"vc_controls\">UNCODE.initRow(document.getElementById(\"script-139431\"));<\/script><\/div><\/div><\/div><div data-parent=\"true\" class=\"vc_row row-container boomapps_vcrow\"><div class=\"row single-top-padding double-bottom-padding single-h-padding full-width row-parent\" data-height-ratio=\"50\"><div class=\"wpb_row row-inner\"><div class=\"wpb_column pos-bottom pos-center align_left column_parent col-lg-8 boomapps_vccolumn single-internal-gutter\"><div class=\"uncol style-light\"  ><div class=\"uncoltable\"><div class=\"uncell  boomapps_vccolumn no-block-padding\"><div class=\"uncont\"><div class=\"uncode-single-media  text-left\"><div class=\"single-wrapper\" style=\"max-width: 100%;\"><div class=\"tmb tmb-light  tmb-media-first tmb-media-last tmb-content-overlay tmb-no-bg\">\n\t\t\t\t\t\t<div class=\"t-inside\"><div class=\"t-entry-visual\"><div class=\"t-entry-visual-tc\"><div class=\"uncode-single-media-wrapper\">\n\t\t\t\t\t\t\t\t\t<img src=\"http:\/\/elsusurroecoliving.com\/wp-content\/uploads\/2020\/07\/P1130239.jpg\" width=\"1306\" height=\"979\" alt=\"\"><\/div>\n\t\t\t\t<\/div>\n\t\t\t<\/div><\/div>\n\t\t\t\t\t<\/div><\/div><\/div><div class=\"empty-space empty-single\" ><span class=\"empty-space-inner\"><\/span><\/div>\n<\/div><\/div><\/div><\/div><\/div><div class=\"wpb_column pos-top pos-center align_left column_parent col-lg-4 boomapps_vccolumn single-internal-gutter z_index_2\"><div class=\"uncol style-light shift_x_neg_double\"  ><div class=\"uncoltable\"><div class=\"uncell  boomapps_vccolumn no-block-padding\"><div class=\"uncont\"><div class=\"vc_custom_heading_wrap\"><div class=\"heading-text el-text heading-bigtext\" ><h1 class=\"bigtext font-weight-100 text-accent-color text-uppercase\" ><span>CULTIVO<br \/><\/span><span>ECOL\u00d3GICO<\/span><\/h1><\/div><div class=\"clear\"><\/div><\/div><div class=\"vc_custom_heading_wrap facilities\"><div class=\"heading-text el-text\" ><h1 class=\"h3 font-weight-300 text-color-155677-color\" ><span>Para los entusiastas del medio ambiente y cultivo ecol\u00f3gico os invitamos a visitar nuestra zona de vermicultura en donde ver\u00e1s el proceso de transformaci\u00f3n de nuestra materia org\u00e1nica de desecho en abono fertilizante. Se desarrollan distintas actividades guiadas de agricultura ecol\u00f3gica y sus pr\u00e1cticas y actividades relacionadas.<\/span><\/h1><\/div><div class=\"clear\"><\/div><\/div><\/div><\/div><\/div><\/div><\/div><script id=\"script-165894\" data-row=\"script-165894\" type=\"text\/javascript\" class=\"vc_controls\">UNCODE.initRow(document.getElementById(\"script-165894\"));<\/script><\/div><\/div><\/div>","protected":false},"excerpt":{"rendered":"LOCALIZACI\u00d3NLa finca es un espacio abierto, en d\u00f3nde tendr\u00e1s una experiencia directa con la naturaleza y el cultivo ecol\u00f3gico de [...]","protected":false},"author":2,"featured_media":0,"parent":0,"menu_order":0,"comment_status":"closed","ping_status":"closed","template":"","meta":{"_exactmetrics_skip_tracking":false,"_exactmetrics_sitenote_active":false,"_exactmetrics_sitenote_note":"","_exactmetrics_sitenote_category":0},"_links":{"self":[{"href":"http:\/\/elsusurroecoliving.com\/es\/wp-json\/wp\/v2\/pages\/55843"}],"collection":[{"href":"http:\/\/elsusurroecoliving.com\/es\/wp-json\/wp\/v2\/pages"}],"about":[{"href":"http:\/\/elsusurroecoliving.com\/es\/wp-json\/wp\/v2\/types\/page"}],"author":[{"embeddable":true,"href":"http:\/\/elsusurroecoliving.com\/es\/wp-json\/wp\/v2\/users\/2"}],"replies":[{"embeddable":true,"href":"http:\/\/elsusurroecoliving.com\/es\/wp-json\/wp\/v2\/comments?post=55843"}],"version-history":[{"count":9,"href":"http:\/\/elsusurroecoliving.com\/es\/wp-json\/wp\/v2\/pages\/55843\/revisions"}],"predecessor-version":[{"id":55949,"href":"http:\/\/elsusurroecoliving.com\/es\/wp-json\/wp\/v2\/pages\/55843\/revisions\/55949"}],"wp:attachment":[{"href":"http:\/\/elsusurroecoliving.com\/es\/wp-json\/wp\/v2\/media?parent=55843"}],"curies":[{"name":"wp","href":"https:\/\/api.w.org\/{rel}","templated":true}]}}